{"id":1198,"date":"2020-08-10T22:48:02","date_gmt":"2020-08-10T22:48:02","guid":{"rendered":"https:\/\/mcvconsultorio.com.ar\/web\/?page_id=1198"},"modified":"2020-11-21T15:17:04","modified_gmt":"2020-11-21T15:17:04","slug":"calidad-de-vida","status":"publish","type":"page","link":"https:\/\/mcvconsultorio.com.ar\/web\/calidad-de-vida\/","title":{"rendered":"Calidad de Vida"},"content":{"rendered":"\n<p>Calidad de vida, es el anhelo de todo ser humano, en su b\u00fasqueda constante de una mejor vivencia de su existencia.<br>Calidad de vida, es una valorizaci\u00f3n relativa de una cantidad de variables, que interact\u00faan con una persona en un momento dado de su vida y en una concepci\u00f3n social determinada.<br>En el desarrollo de la vida de un ser humano, existen dos proyecciones diferentes para concretar, las diferentes vivencias a trav\u00e9s del tiempo, una proyecci\u00f3n ideal y otra real. Ambas, pueden transitar un mismo camino en el mismo sentido en todo momento, o bien hacerlo en sentido no coincidente en forma permanente o transitoria. La orientaci\u00f3n que tomen estas proyecciones, depender\u00e1 exclusivamente de la actitud personal, que cada persona le imprima a su vida.<\/p>\n","protected":false},"excerpt":{"rendered":"<p>Calidad de vida, es el anhelo de todo ser humano, en su b\u00fasqueda constante de una mejor vivencia de su existencia.<br \/>\nCalidad de vida, es una valorizaci\u00f3n relativa de una cantidad de variables, que interact\u00faan con una persona en un momento dado de su vida y en una concepci\u00f3n social determinada.<br \/>\nEn el desarrollo de la vida de un ser humano, existen dos proyecciones diferentes para concretar, las diferentes vivencias a trav\u00e9s del tiempo, una proyecci\u00f3n ideal y otra real. Ambas, pueden transitar un mismo camino en el mismo sentido en todo momento, o bien hacerlo en sentido no coincidente en forma permanente o transitoria. La orientaci\u00f3n que tomen estas proyecciones, depender\u00e1 exclusivamente de la actitud personal, que cada persona le imprima a su vida.<\/p>\n","protected":false},"author":2,"featured_media":0,"parent":0,"menu_order":0,"comment_status":"closed","ping_status":"closed","template":"templates\/full-width-page.php","meta":{"footnotes":""},"class_list":["post-1198","page","type-page","status-publish","hentry"],"yoast_head":"<!-- This site is optimized with the Yoast SEO plugin v27.4 - https:\/\/yoast.com\/product\/yoast-seo-wordpress\/ -->\n<title>Calidad de Vida - MCV Consultorio<\/title>\n<meta name=\"robots\" content=\"index, follow, max-snippet:-1, max-image-preview:large, max-video-preview:-1\" \/>\n<link rel=\"canonical\" href=\"https:\/\/mcvconsultorio.com.ar\/web\/calidad-de-vida\/\" \/>\n<meta property=\"og:locale\" content=\"es_ES\" \/>\n<meta property=\"og:type\" content=\"article\" \/>\n<meta property=\"og:title\" content=\"Calidad de Vida - MCV Consultorio\" \/>\n<meta property=\"og:description\" content=\"Calidad de vida, es el anhelo de todo ser humano, en su b\u00fasqueda constante de una mejor vivencia de su existencia. Calidad de vida, es una valorizaci\u00f3n relativa de una cantidad de variables, que interact\u00faan con una persona en un momento dado de su vida y en una concepci\u00f3n social determinada. En el desarrollo de la vida de un ser humano, existen dos proyecciones diferentes para concretar, las diferentes vivencias a trav\u00e9s del tiempo, una proyecci\u00f3n ideal y otra real. Ambas, pueden transitar un mismo camino en el mismo sentido en todo momento, o bien hacerlo en sentido no coincidente en forma permanente o transitoria. La orientaci\u00f3n que tomen estas proyecciones, depender\u00e1 exclusivamente de la actitud personal, que cada persona le imprima a su vida.\" \/>\n<meta property=\"og:url\" content=\"https:\/\/mcvconsultorio.com.ar\/web\/calidad-de-vida\/\" \/>\n<meta property=\"og:site_name\" content=\"MCV Consultorio\" \/>\n<meta property=\"article:modified_time\" content=\"2020-11-21T15:17:04+00:00\" \/>\n<meta name=\"twitter:card\" content=\"summary_large_image\" \/>\n<meta name=\"twitter:label1\" content=\"Tiempo de lectura\" \/>\n\t<meta name=\"twitter:data1\" content=\"1 minuto\" \/>\n<script type=\"application\/ld+json\" class=\"yoast-schema-graph\">{\"@context\":\"https:\\\/\\\/schema.org\",\"@graph\":[{\"@type\":\"WebPage\",\"@id\":\"https:\\\/\\\/mcvconsultorio.com.ar\\\/web\\\/calidad-de-vida\\\/\",\"url\":\"https:\\\/\\\/mcvconsultorio.com.ar\\\/web\\\/calidad-de-vida\\\/\",\"name\":\"Calidad de Vida - MCV Consultorio\",\"isPartOf\":{\"@id\":\"https:\\\/\\\/mcvconsultorio.com.ar\\\/web\\\/#website\"},\"datePublished\":\"2020-08-10T22:48:02+00:00\",\"dateModified\":\"2020-11-21T15:17:04+00:00\",\"breadcrumb\":{\"@id\":\"https:\\\/\\\/mcvconsultorio.com.ar\\\/web\\\/calidad-de-vida\\\/#breadcrumb\"},\"inLanguage\":\"es\",\"potentialAction\":[{\"@type\":\"ReadAction\",\"target\":[\"https:\\\/\\\/mcvconsultorio.com.ar\\\/web\\\/calidad-de-vida\\\/\"]}]},{\"@type\":\"BreadcrumbList\",\"@id\":\"https:\\\/\\\/mcvconsultorio.com.ar\\\/web\\\/calidad-de-vida\\\/#breadcrumb\",\"itemListElement\":[{\"@type\":\"ListItem\",\"position\":1,\"name\":\"Portada\",\"item\":\"https:\\\/\\\/mcvconsultorio.com.ar\\\/web\\\/\"},{\"@type\":\"ListItem\",\"position\":2,\"name\":\"Calidad de Vida\"}]},{\"@type\":\"WebSite\",\"@id\":\"https:\\\/\\\/mcvconsultorio.com.ar\\\/web\\\/#website\",\"url\":\"https:\\\/\\\/mcvconsultorio.com.ar\\\/web\\\/\",\"name\":\"MCV Consultorio\",\"description\":\"Consultorio M\u00e9dico Cl\u00ednico y Neumonologico\",\"publisher\":{\"@id\":\"https:\\\/\\\/mcvconsultorio.com.ar\\\/web\\\/#\\\/schema\\\/person\\\/8bd97475701487daa4d2fdc186598522\"},\"potentialAction\":[{\"@type\":\"SearchAction\",\"target\":{\"@type\":\"EntryPoint\",\"urlTemplate\":\"https:\\\/\\\/mcvconsultorio.com.ar\\\/web\\\/?s={search_term_string}\"},\"query-input\":{\"@type\":\"PropertyValueSpecification\",\"valueRequired\":true,\"valueName\":\"search_term_string\"}}],\"inLanguage\":\"es\"},{\"@type\":[\"Person\",\"Organization\"],\"@id\":\"https:\\\/\\\/mcvconsultorio.com.ar\\\/web\\\/#\\\/schema\\\/person\\\/8bd97475701487daa4d2fdc186598522\",\"name\":\"CMV Consultorio\",\"image\":{\"@type\":\"ImageObject\",\"inLanguage\":\"es\",\"@id\":\"https:\\\/\\\/mcvconsultorio.com.ar\\\/web\\\/wp-content\\\/uploads\\\/2020\\\/08\\\/logo_MCV_.png\",\"url\":\"https:\\\/\\\/mcvconsultorio.com.ar\\\/web\\\/wp-content\\\/uploads\\\/2020\\\/08\\\/logo_MCV_.png\",\"contentUrl\":\"https:\\\/\\\/mcvconsultorio.com.ar\\\/web\\\/wp-content\\\/uploads\\\/2020\\\/08\\\/logo_MCV_.png\",\"width\":139,\"height\":124,\"caption\":\"CMV Consultorio\"},\"logo\":{\"@id\":\"https:\\\/\\\/mcvconsultorio.com.ar\\\/web\\\/wp-content\\\/uploads\\\/2020\\\/08\\\/logo_MCV_.png\"}}]}<\/script>\n<!-- \/ Yoast SEO plugin. -->","yoast_head_json":{"title":"Calidad de Vida - MCV Consultorio","robots":{"index":"index","follow":"follow","max-snippet":"max-snippet:-1","max-image-preview":"max-image-preview:large","max-video-preview":"max-video-preview:-1"},"canonical":"https:\/\/mcvconsultorio.com.ar\/web\/calidad-de-vida\/","og_locale":"es_ES","og_type":"article","og_title":"Calidad de Vida - MCV Consultorio","og_description":"Calidad de vida, es el anhelo de todo ser humano, en su b\u00fasqueda constante de una mejor vivencia de su existencia. Calidad de vida, es una valorizaci\u00f3n relativa de una cantidad de variables, que interact\u00faan con una persona en un momento dado de su vida y en una concepci\u00f3n social determinada. En el desarrollo de la vida de un ser humano, existen dos proyecciones diferentes para concretar, las diferentes vivencias a trav\u00e9s del tiempo, una proyecci\u00f3n ideal y otra real. Ambas, pueden transitar un mismo camino en el mismo sentido en todo momento, o bien hacerlo en sentido no coincidente en forma permanente o transitoria. La orientaci\u00f3n que tomen estas proyecciones, depender\u00e1 exclusivamente de la actitud personal, que cada persona le imprima a su vida.","og_url":"https:\/\/mcvconsultorio.com.ar\/web\/calidad-de-vida\/","og_site_name":"MCV Consultorio","article_modified_time":"2020-11-21T15:17:04+00:00","twitter_card":"summary_large_image","twitter_misc":{"Tiempo de lectura":"1 minuto"},"schema":{"@context":"https:\/\/schema.org","@graph":[{"@type":"WebPage","@id":"https:\/\/mcvconsultorio.com.ar\/web\/calidad-de-vida\/","url":"https:\/\/mcvconsultorio.com.ar\/web\/calidad-de-vida\/","name":"Calidad de Vida - MCV Consultorio","isPartOf":{"@id":"https:\/\/mcvconsultorio.com.ar\/web\/#website"},"datePublished":"2020-08-10T22:48:02+00:00","dateModified":"2020-11-21T15:17:04+00:00","breadcrumb":{"@id":"https:\/\/mcvconsultorio.com.ar\/web\/calidad-de-vida\/#breadcrumb"},"inLanguage":"es","potentialAction":[{"@type":"ReadAction","target":["https:\/\/mcvconsultorio.com.ar\/web\/calidad-de-vida\/"]}]},{"@type":"BreadcrumbList","@id":"https:\/\/mcvconsultorio.com.ar\/web\/calidad-de-vida\/#breadcrumb","itemListElement":[{"@type":"ListItem","position":1,"name":"Portada","item":"https:\/\/mcvconsultorio.com.ar\/web\/"},{"@type":"ListItem","position":2,"name":"Calidad de Vida"}]},{"@type":"WebSite","@id":"https:\/\/mcvconsultorio.com.ar\/web\/#website","url":"https:\/\/mcvconsultorio.com.ar\/web\/","name":"MCV Consultorio","description":"Consultorio M\u00e9dico Cl\u00ednico y Neumonologico","publisher":{"@id":"https:\/\/mcvconsultorio.com.ar\/web\/#\/schema\/person\/8bd97475701487daa4d2fdc186598522"},"potentialAction":[{"@type":"SearchAction","target":{"@type":"EntryPoint","urlTemplate":"https:\/\/mcvconsultorio.com.ar\/web\/?s={search_term_string}"},"query-input":{"@type":"PropertyValueSpecification","valueRequired":true,"valueName":"search_term_string"}}],"inLanguage":"es"},{"@type":["Person","Organization"],"@id":"https:\/\/mcvconsultorio.com.ar\/web\/#\/schema\/person\/8bd97475701487daa4d2fdc186598522","name":"CMV Consultorio","image":{"@type":"ImageObject","inLanguage":"es","@id":"https:\/\/mcvconsultorio.com.ar\/web\/wp-content\/uploads\/2020\/08\/logo_MCV_.png","url":"https:\/\/mcvconsultorio.com.ar\/web\/wp-content\/uploads\/2020\/08\/logo_MCV_.png","contentUrl":"https:\/\/mcvconsultorio.com.ar\/web\/wp-content\/uploads\/2020\/08\/logo_MCV_.png","width":139,"height":124,"caption":"CMV Consultorio"},"logo":{"@id":"https:\/\/mcvconsultorio.com.ar\/web\/wp-content\/uploads\/2020\/08\/logo_MCV_.png"}}]}},"jetpack_sharing_enabled":true,"_links":{"self":[{"href":"https:\/\/mcvconsultorio.com.ar\/web\/wp-json\/wp\/v2\/pages\/1198","targetHints":{"allow":["GET"]}}],"collection":[{"href":"https:\/\/mcvconsultorio.com.ar\/web\/wp-json\/wp\/v2\/pages"}],"about":[{"href":"https:\/\/mcvconsultorio.com.ar\/web\/wp-json\/wp\/v2\/types\/page"}],"author":[{"embeddable":true,"href":"https:\/\/mcvconsultorio.com.ar\/web\/wp-json\/wp\/v2\/users\/2"}],"replies":[{"embeddable":true,"href":"https:\/\/mcvconsultorio.com.ar\/web\/wp-json\/wp\/v2\/comments?post=1198"}],"version-history":[{"count":9,"href":"https:\/\/mcvconsultorio.com.ar\/web\/wp-json\/wp\/v2\/pages\/1198\/revisions"}],"predecessor-version":[{"id":1407,"href":"https:\/\/mcvconsultorio.com.ar\/web\/wp-json\/wp\/v2\/pages\/1198\/revisions\/1407"}],"wp:attachment":[{"href":"https:\/\/mcvconsultorio.com.ar\/web\/wp-json\/wp\/v2\/media?parent=1198"}],"curies":[{"name":"wp","href":"https:\/\/api.w.org\/{rel}","templated":true}]}}