{"id":1285,"date":"2020-08-13T20:33:09","date_gmt":"2020-08-13T20:33:09","guid":{"rendered":"https:\/\/mcvconsultorio.com.ar\/web\/?page_id=1285"},"modified":"2024-12-03T13:48:45","modified_gmt":"2024-12-03T13:48:45","slug":"turnos-online","status":"publish","type":"page","link":"https:\/\/mcvconsultorio.com.ar\/web\/turnos-online\/","title":{"rendered":"Turnos Online"},"content":{"rendered":"\n<p>D\u00cdAS DE ATENCI\u00d3N: LUNES, MI\u00c9RCOLES Y JUEVES<\/p>\n\n\n\n<p>Horario: 16:30 a 20:00 Hs.<\/p>\n\n\n\n<p><\/p>\n\n\n\n<div class=\"wp-block-bookly-form\"><!--\nPlugin Name: Bookly - Responsive WordPress Appointment Booking and Scheduling Plugin\nPlugin URI: https:\/\/www.booking-wp-plugin.com\/?utm_source=bookly_admin&utm_medium=plugins_page&utm_campaign=plugins_page\nVersion: 27.5-->\n<style type=\"text\/css\">\n    :root {\n        --bookly-main-color: #0daa25 !important;\n        --bookly-color: #0daa25 !important;\n    }\n\n    <\/style><div class=\"bookly-css-root\">\n    <div id=\"bookly-form-container-69f6a653351c7\" class=\"bookly-form\" data-form_id=\"\" aria-live=\"polite\">\n        <div style=\"text-align: center\"><img decoding=\"async\" src=\"https:\/\/mcvconsultorio.com.ar\/web\/wp-includes\/js\/tinymce\/skins\/lightgray\/img\/loader.gif\" alt=\"Cargando ...\"\/><\/div>\n    <\/div>\n<\/div>\n<script type=\"text\/javascript\">\n    (function (win, fn) {\n        var done = false, top = true,\n            doc = win.document,\n            root = doc.documentElement,\n            modern = doc.addEventListener,\n            add = modern ? 'addEventListener' : 'attachEvent',\n            rem = modern ? 'removeEventListener' : 'detachEvent',\n            pre = modern ? '' : 'on',\n            init = function (e) {\n                if (e.type == 'readystatechange') if (doc.readyState != 'complete') return;\n                (e.type == 'load' ? win : doc)[rem](pre + e.type, init, false);\n                if (!done) {\n                    done = true;\n                    fn.call(win, e.type || e);\n                }\n            },\n            poll = function () {\n                try {\n                    root.doScroll('left');\n                } catch (e) {\n                    setTimeout(poll, 50);\n                    return;\n                }\n                init('poll');\n            };\n        if (doc.readyState == 'complete') fn.call(win, 'lazy');\n        else {\n            if (!modern) if (root.doScroll) {\n                try {\n                    top = !win.frameElement;\n                } catch (e) {\n                }\n                if (top) poll();\n            }\n            doc[add](pre + 'DOMContentLoaded', init, false);\n            doc[add](pre + 'readystatechange', init, false);\n            win[add](pre + 'load', init, false);\n        }\n    })(window, function () {\n        window.bookly( {\"form_id\":\"69f6a653351c7\",\"form_data\":{\"skip_service_step\":0,\"hide_service_part1\":0,\"hide_service_part2\":0,\"defaults\":{\"service_id\":0,\"staff_id\":0,\"location_id\":0,\"category_id\":0,\"units\":0,\"date_from\":0,\"time_from\":0,\"time_to\":0}},\"status\":{\"booking\":\"new\"},\"form_token\":null,\"skip_steps\":{\"service_part1\":0,\"service_part2\":0,\"extras\":1,\"time\":0,\"repeat\":1,\"cart\":1},\"errors\":{\"session_error\":\"Error de sesi\\u00f3n.\",\"form_id_error\":\"Error Identificaci\\u00f3n formulario.\",\"cart_item_not_available\":\"La hora seleccionada ya no est\\u00e1 disponible. Por favor elije otra ranura de hora.\",\"pay_locally_not_available\":\"Pagu\\u00e9 no est\\u00e1 disponible.\",\"invalid_gateway\":\"Puerta de enlace no es v\\u00e1lido.\",\"payment_error\":\"Error.\",\"incorrect_username_password\":\"Nombre de usuario o contrase\\u00f1a incorrectos.\"},\"form_attributes\":{\"hide_categories\":false,\"hide_services\":false,\"hide_staff_members\":false,\"show_number_of_persons\":false,\"hide_service_duration\":true,\"hide_locations\":true,\"hide_quantity\":true,\"hide_date\":false,\"hide_week_days\":false,\"hide_time_range\":false},\"use_client_time_zone\":0,\"defaults\":{\"service_id\":0,\"staff_id\":0,\"location_id\":0,\"category_id\":0},\"datepicker_mode\":\"text-accent\"} );\n    });\n<\/script><\/div>\n","protected":false},"excerpt":{"rendered":"<p>D\u00cdAS DE ATENCI\u00d3N: LUNES, MI\u00c9RCOLES Y JUEVES Horario: 16:30 a 20:00 Hs.<\/p>\n","protected":false},"author":2,"featured_media":0,"parent":0,"menu_order":0,"comment_status":"closed","ping_status":"closed","template":"","meta":{"footnotes":""},"class_list":["post-1285","page","type-page","status-publish","hentry"],"yoast_head":"<!-- This site is optimized with the Yoast SEO plugin v27.4 - https:\/\/yoast.com\/product\/yoast-seo-wordpress\/ -->\n<title>Turnos Online - MCV Consultorio<\/title>\n<meta name=\"robots\" content=\"index, follow, max-snippet:-1, max-image-preview:large, max-video-preview:-1\" \/>\n<link rel=\"canonical\" href=\"https:\/\/mcvconsultorio.com.ar\/web\/turnos-online\/\" \/>\n<meta property=\"og:locale\" content=\"es_ES\" \/>\n<meta property=\"og:type\" content=\"article\" \/>\n<meta property=\"og:title\" content=\"Turnos Online - MCV Consultorio\" \/>\n<meta property=\"og:description\" content=\"D\u00cdAS DE ATENCI\u00d3N: LUNES, MI\u00c9RCOLES Y JUEVES Horario: 16:30 a 20:00 Hs.\" \/>\n<meta property=\"og:url\" content=\"https:\/\/mcvconsultorio.com.ar\/web\/turnos-online\/\" \/>\n<meta property=\"og:site_name\" content=\"MCV Consultorio\" \/>\n<meta property=\"article:modified_time\" content=\"2024-12-03T13:48:45+00:00\" \/>\n<meta name=\"twitter:card\" content=\"summary_large_image\" \/>\n<meta name=\"twitter:label1\" content=\"Tiempo de lectura\" \/>\n\t<meta name=\"twitter:data1\" content=\"1 minuto\" \/>\n<script type=\"application\/ld+json\" class=\"yoast-schema-graph\">{\"@context\":\"https:\\\/\\\/schema.org\",\"@graph\":[{\"@type\":\"WebPage\",\"@id\":\"https:\\\/\\\/mcvconsultorio.com.ar\\\/web\\\/turnos-online\\\/\",\"url\":\"https:\\\/\\\/mcvconsultorio.com.ar\\\/web\\\/turnos-online\\\/\",\"name\":\"Turnos Online - MCV Consultorio\",\"isPartOf\":{\"@id\":\"https:\\\/\\\/mcvconsultorio.com.ar\\\/web\\\/#website\"},\"datePublished\":\"2020-08-13T20:33:09+00:00\",\"dateModified\":\"2024-12-03T13:48:45+00:00\",\"breadcrumb\":{\"@id\":\"https:\\\/\\\/mcvconsultorio.com.ar\\\/web\\\/turnos-online\\\/#breadcrumb\"},\"inLanguage\":\"es\",\"potentialAction\":[{\"@type\":\"ReadAction\",\"target\":[\"https:\\\/\\\/mcvconsultorio.com.ar\\\/web\\\/turnos-online\\\/\"]}]},{\"@type\":\"BreadcrumbList\",\"@id\":\"https:\\\/\\\/mcvconsultorio.com.ar\\\/web\\\/turnos-online\\\/#breadcrumb\",\"itemListElement\":[{\"@type\":\"ListItem\",\"position\":1,\"name\":\"Portada\",\"item\":\"https:\\\/\\\/mcvconsultorio.com.ar\\\/web\\\/\"},{\"@type\":\"ListItem\",\"position\":2,\"name\":\"Turnos Online\"}]},{\"@type\":\"WebSite\",\"@id\":\"https:\\\/\\\/mcvconsultorio.com.ar\\\/web\\\/#website\",\"url\":\"https:\\\/\\\/mcvconsultorio.com.ar\\\/web\\\/\",\"name\":\"MCV Consultorio\",\"description\":\"Consultorio M\u00e9dico Cl\u00ednico y Neumonologico\",\"publisher\":{\"@id\":\"https:\\\/\\\/mcvconsultorio.com.ar\\\/web\\\/#\\\/schema\\\/person\\\/8bd97475701487daa4d2fdc186598522\"},\"potentialAction\":[{\"@type\":\"SearchAction\",\"target\":{\"@type\":\"EntryPoint\",\"urlTemplate\":\"https:\\\/\\\/mcvconsultorio.com.ar\\\/web\\\/?s={search_term_string}\"},\"query-input\":{\"@type\":\"PropertyValueSpecification\",\"valueRequired\":true,\"valueName\":\"search_term_string\"}}],\"inLanguage\":\"es\"},{\"@type\":[\"Person\",\"Organization\"],\"@id\":\"https:\\\/\\\/mcvconsultorio.com.ar\\\/web\\\/#\\\/schema\\\/person\\\/8bd97475701487daa4d2fdc186598522\",\"name\":\"CMV Consultorio\",\"image\":{\"@type\":\"ImageObject\",\"inLanguage\":\"es\",\"@id\":\"https:\\\/\\\/mcvconsultorio.com.ar\\\/web\\\/wp-content\\\/uploads\\\/2020\\\/08\\\/logo_MCV_.png\",\"url\":\"https:\\\/\\\/mcvconsultorio.com.ar\\\/web\\\/wp-content\\\/uploads\\\/2020\\\/08\\\/logo_MCV_.png\",\"contentUrl\":\"https:\\\/\\\/mcvconsultorio.com.ar\\\/web\\\/wp-content\\\/uploads\\\/2020\\\/08\\\/logo_MCV_.png\",\"width\":139,\"height\":124,\"caption\":\"CMV Consultorio\"},\"logo\":{\"@id\":\"https:\\\/\\\/mcvconsultorio.com.ar\\\/web\\\/wp-content\\\/uploads\\\/2020\\\/08\\\/logo_MCV_.png\"}}]}<\/script>\n<!-- \/ Yoast SEO plugin. -->","yoast_head_json":{"title":"Turnos Online - MCV Consultorio","robots":{"index":"index","follow":"follow","max-snippet":"max-snippet:-1","max-image-preview":"max-image-preview:large","max-video-preview":"max-video-preview:-1"},"canonical":"https:\/\/mcvconsultorio.com.ar\/web\/turnos-online\/","og_locale":"es_ES","og_type":"article","og_title":"Turnos Online - MCV Consultorio","og_description":"D\u00cdAS DE ATENCI\u00d3N: LUNES, MI\u00c9RCOLES Y JUEVES Horario: 16:30 a 20:00 Hs.","og_url":"https:\/\/mcvconsultorio.com.ar\/web\/turnos-online\/","og_site_name":"MCV Consultorio","article_modified_time":"2024-12-03T13:48:45+00:00","twitter_card":"summary_large_image","twitter_misc":{"Tiempo de lectura":"1 minuto"},"schema":{"@context":"https:\/\/schema.org","@graph":[{"@type":"WebPage","@id":"https:\/\/mcvconsultorio.com.ar\/web\/turnos-online\/","url":"https:\/\/mcvconsultorio.com.ar\/web\/turnos-online\/","name":"Turnos Online - MCV Consultorio","isPartOf":{"@id":"https:\/\/mcvconsultorio.com.ar\/web\/#website"},"datePublished":"2020-08-13T20:33:09+00:00","dateModified":"2024-12-03T13:48:45+00:00","breadcrumb":{"@id":"https:\/\/mcvconsultorio.com.ar\/web\/turnos-online\/#breadcrumb"},"inLanguage":"es","potentialAction":[{"@type":"ReadAction","target":["https:\/\/mcvconsultorio.com.ar\/web\/turnos-online\/"]}]},{"@type":"BreadcrumbList","@id":"https:\/\/mcvconsultorio.com.ar\/web\/turnos-online\/#breadcrumb","itemListElement":[{"@type":"ListItem","position":1,"name":"Portada","item":"https:\/\/mcvconsultorio.com.ar\/web\/"},{"@type":"ListItem","position":2,"name":"Turnos Online"}]},{"@type":"WebSite","@id":"https:\/\/mcvconsultorio.com.ar\/web\/#website","url":"https:\/\/mcvconsultorio.com.ar\/web\/","name":"MCV Consultorio","description":"Consultorio M\u00e9dico Cl\u00ednico y Neumonologico","publisher":{"@id":"https:\/\/mcvconsultorio.com.ar\/web\/#\/schema\/person\/8bd97475701487daa4d2fdc186598522"},"potentialAction":[{"@type":"SearchAction","target":{"@type":"EntryPoint","urlTemplate":"https:\/\/mcvconsultorio.com.ar\/web\/?s={search_term_string}"},"query-input":{"@type":"PropertyValueSpecification","valueRequired":true,"valueName":"search_term_string"}}],"inLanguage":"es"},{"@type":["Person","Organization"],"@id":"https:\/\/mcvconsultorio.com.ar\/web\/#\/schema\/person\/8bd97475701487daa4d2fdc186598522","name":"CMV Consultorio","image":{"@type":"ImageObject","inLanguage":"es","@id":"https:\/\/mcvconsultorio.com.ar\/web\/wp-content\/uploads\/2020\/08\/logo_MCV_.png","url":"https:\/\/mcvconsultorio.com.ar\/web\/wp-content\/uploads\/2020\/08\/logo_MCV_.png","contentUrl":"https:\/\/mcvconsultorio.com.ar\/web\/wp-content\/uploads\/2020\/08\/logo_MCV_.png","width":139,"height":124,"caption":"CMV Consultorio"},"logo":{"@id":"https:\/\/mcvconsultorio.com.ar\/web\/wp-content\/uploads\/2020\/08\/logo_MCV_.png"}}]}},"jetpack_sharing_enabled":true,"_links":{"self":[{"href":"https:\/\/mcvconsultorio.com.ar\/web\/wp-json\/wp\/v2\/pages\/1285","targetHints":{"allow":["GET"]}}],"collection":[{"href":"https:\/\/mcvconsultorio.com.ar\/web\/wp-json\/wp\/v2\/pages"}],"about":[{"href":"https:\/\/mcvconsultorio.com.ar\/web\/wp-json\/wp\/v2\/types\/page"}],"author":[{"embeddable":true,"href":"https:\/\/mcvconsultorio.com.ar\/web\/wp-json\/wp\/v2\/users\/2"}],"replies":[{"embeddable":true,"href":"https:\/\/mcvconsultorio.com.ar\/web\/wp-json\/wp\/v2\/comments?post=1285"}],"version-history":[{"count":4,"href":"https:\/\/mcvconsultorio.com.ar\/web\/wp-json\/wp\/v2\/pages\/1285\/revisions"}],"predecessor-version":[{"id":1556,"href":"https:\/\/mcvconsultorio.com.ar\/web\/wp-json\/wp\/v2\/pages\/1285\/revisions\/1556"}],"wp:attachment":[{"href":"https:\/\/mcvconsultorio.com.ar\/web\/wp-json\/wp\/v2\/media?parent=1285"}],"curies":[{"name":"wp","href":"https:\/\/api.w.org\/{rel}","templated":true}]}}